{"id":716,"date":"2025-05-05T15:24:48","date_gmt":"2025-05-05T20:24:48","guid":{"rendered":"https:\/\/genetica.unal.edu.co\/?page_id=716"},"modified":"2025-07-17T14:14:06","modified_gmt":"2025-07-17T19:14:06","slug":"gestion-por-procesos","status":"publish","type":"page","link":"https:\/\/genetica.unal.edu.co\/?page_id=716","title":{"rendered":"Gesti\u00f3n por Procesos"},"content":{"rendered":"<div ><style>#sp-ea-825 .spcollapsing { height: 0; overflow: hidden; transition-property: height;transition-duration: 300ms;}#sp-ea-825.sp-easy-accordion>.sp-ea-single {margin-bottom: 10px; border: 1px solid #e2e2e2; }#sp-ea-825.sp-easy-accordion>.sp-ea-single>.ea-header a {color: #444;}#sp-ea-825.sp-easy-accordion>.sp-ea-single>.sp-collapse>.ea-body {background: #fff; color: #444;}#sp-ea-825.sp-easy-accordion>.sp-ea-single {background: #eee;}#sp-ea-825.sp-easy-accordion>.sp-ea-single>.ea-header a .ea-expand-icon { float: left; color: #444;font-size: 16px;}<\/style><div id=\"sp_easy_accordion-1752265207\"><div id=\"sp-ea-825\" class=\"sp-ea-one sp-easy-accordion\" data-ea-active=\"ea-click\" data-ea-mode=\"vertical\" data-preloader=\"\" data-scroll-active-item=\"\" data-offset-to-scroll=\"0\"><div class=\"ea-card ea-expand sp-ea-single\"><h3 class=\"ea-header\"><a class=\"collapsed\" id=\"ea-header-8250\" role=\"button\" data-sptoggle=\"spcollapse\" data-sptarget=\"#collapse8250\" aria-controls=\"collapse8250\" href=\"#\" aria-expanded=\"true\" tabindex=\"0\"><i aria-hidden=\"true\" role=\"presentation\" class=\"ea-expand-icon eap-icon-ea-expand-minus\"><\/i> Manuales<\/a><\/h3><div class=\"sp-collapse spcollapse collapsed show\" id=\"collapse8250\" data-parent=\"#sp-ea-825\" role=\"region\" aria-labelledby=\"ea-header-8250\"> <div class=\"ea-body\"><ul><li><a href=\"https:\/\/genetica.unal.edu.co\/wp-content\/uploads\/2025\/07\/B.IG_.MN_.15.001.001_Manual-de-Procesos-y-Procedimientos-IGUN-V-1.0-1.pdf\" target=\"_blank\" rel=\"noopener\">B.IG.MN.15.001.001_Manual de Procesos y Procedimientos IGUN V 1.0 (1)<\/a><\/li><\/ul><\/div><\/div><\/div><div class=\"ea-card sp-ea-single\"><h3 class=\"ea-header\"><a class=\"collapsed\" id=\"ea-header-8251\" role=\"button\" data-sptoggle=\"spcollapse\" data-sptarget=\"#collapse8251\" aria-controls=\"collapse8251\" href=\"#\" aria-expanded=\"false\" tabindex=\"0\"><i aria-hidden=\"true\" role=\"presentation\" class=\"ea-expand-icon eap-icon-ea-expand-plus\"><\/i> Protocolos Gesti\u00f3n de Laboratorios<\/a><\/h3><div class=\"sp-collapse spcollapse \" id=\"collapse8251\" data-parent=\"#sp-ea-825\" role=\"region\" aria-labelledby=\"ea-header-8251\"> <div class=\"ea-body\"><ul><li><a href=\"https:\/\/genetica.unal.edu.co\/wp-content\/uploads\/2025\/07\/B.IG_.PC_.10.004.001_Protocolo-Lavado-de-Manos-del-Instituto-de-Genetica-V_0.0.pdf\" target=\"_blank\" rel=\"noopener\">B.IG.PC.10.004.001_Protocolo Lavado de Manos del Instituto de Gen\u00e9tica V_0.0<\/a><\/li><\/ul><p>&nbsp;<\/p><\/div><\/div><\/div><div class=\"ea-card sp-ea-single\"><h3 class=\"ea-header\"><a class=\"collapsed\" id=\"ea-header-8252\" role=\"button\" data-sptoggle=\"spcollapse\" data-sptarget=\"#collapse8252\" aria-controls=\"collapse8252\" href=\"#\" aria-expanded=\"false\" tabindex=\"0\"><i aria-hidden=\"true\" role=\"presentation\" class=\"ea-expand-icon eap-icon-ea-expand-plus\"><\/i> Instructivos Proceso Gesti\u00f3n de Laboratorios<\/a><\/h3><div class=\"sp-collapse spcollapse \" id=\"collapse8252\" data-parent=\"#sp-ea-825\" role=\"region\" aria-labelledby=\"ea-header-8252\"> <div class=\"ea-body\"><ul><li><a href=\"https:\/\/genetica.unal.edu.co\/wp-content\/uploads\/2025\/07\/B.IG_.IN_.10.004.001-Instructivo-para-Lavado-de-Material-en-los-Laboratorios-y-Areas-de-Apoyo_V-0.0.pdf\" target=\"_blank\" rel=\"noopener\">B.IG.IN.10.004.001 Instructivo para Lavado de Material en los Laboratorios y \u00c1reas de Apoyo_V 0.0<\/a><\/li><li><a href=\"https:\/\/genetica.unal.edu.co\/wp-content\/uploads\/2025\/07\/B.IG_.IN_.10.004.002-Instructivo-para-Recepcion-Desague-Secado-y-Esterilizacion-de-Material-para-los-Laboratorios-y-Areas-de-Apoyo_V-0.0.pdf\" target=\"_blank\" rel=\"noopener\">B.IG.IN.10.004.002 Instructivo para Recepci\u00f3n, Desag\u00fce, Secado y Esterilizaci\u00f3n de Material para los Laboratorios y \u00c1reas de Apoyo_V 0.0<\/a><\/li><li><a href=\"https:\/\/genetica.unal.edu.co\/wp-content\/uploads\/2025\/07\/B.IG_.IN_.10.004.003-Instructivo-para-Recepcion-Uso-Almacenamiento-y-Disposicion-Final-de-Sustancias-Quimicas_-V-2.0.pdf\" target=\"_blank\" rel=\"noopener\">B.IG.IN.10.004.003 Instructivo para Recepci\u00f3n, Uso, Almacenamiento y Disposici\u00f3n Final de Sustancias Qu\u00edmicas_ V 2.0<\/a><\/li><li><a href=\"https:\/\/genetica.unal.edu.co\/wp-content\/uploads\/2025\/07\/B.IG_.IN_.10.004.003-Instructivo-para-Recepcion-Uso-Almacenamiento-y-Disposicion-Final-de-Sustancias-Quimicas_-V-2.0.pdf\" target=\"_blank\" rel=\"noopener\">B.IG.IN.10.004.004_Instructivo para la Preparaci\u00f3n y Env\u00edo de Muestras_V 0.0<\/a><\/li><li><a href=\"https:\/\/genetica.unal.edu.co\/wp-content\/uploads\/2025\/07\/B.IG_.IN_.10.004.004_Instructivo-para-la-Preparacion-y-Envio-de-Muestras_V-0.0.pdf\" target=\"_blank\" rel=\"noopener\">B.IG.IN.10.004.005_Instructivo para Manejo de Material de Laboratorio con Riesgo Biol\u00f3gico _V 0.0<\/a><\/li><li><a href=\"https:\/\/genetica.unal.edu.co\/wp-content\/uploads\/2025\/07\/B.IG_.IN_.10.004.004_Instructivo-para-la-Preparacion-y-Envio-de-Muestras_V-0.0.pdf\" target=\"_blank\" rel=\"noopener\">B.IG.IN.10.004.006_Instructivo para Limpieza de la Cabina de Flujo Laminar _V 0.0<\/a><\/li><li><a href=\"https:\/\/genetica.unal.edu.co\/wp-content\/uploads\/2025\/07\/B.IG_.IN_.10.004.007-Instructivo-para-el-Manejo-Integral-de-Residuos-Quimicos-_V-0.0.pdf\" target=\"_blank\" rel=\"noopener\">B.IG.IN.10.004.007 Instructivo para el Manejo Integral de Residuos Qu\u00edmicos _V 0.0<\/a><\/li><li><a href=\"https:\/\/genetica.unal.edu.co\/wp-content\/uploads\/2025\/07\/B.IG_.IN_.10.004.026_Instructivo-Para-La-Extraccion-De-Sangre-Periferica-Para-Cariotipos-Estudios-Geneticos-Transporte-Y-Almacenamiento-De-Muestras-V_2.0.pdf\" target=\"_blank\" rel=\"noopener\">B.IG.IN.10.004.026_Instructivo Para La Extracci\u00f3n De Sangre Perif\u00e9rica Para Cariotipos, Estudios Gen\u00e9ticos, Transporte Y Almacenamiento De Muestras V_2.0<\/a><\/li><\/ul><\/div><\/div><\/div><div class=\"ea-card sp-ea-single\"><h3 class=\"ea-header\"><a class=\"collapsed\" id=\"ea-header-8253\" role=\"button\" data-sptoggle=\"spcollapse\" data-sptarget=\"#collapse8253\" aria-controls=\"collapse8253\" href=\"#\" aria-expanded=\"false\" tabindex=\"0\"><i aria-hidden=\"true\" role=\"presentation\" class=\"ea-expand-icon eap-icon-ea-expand-plus\"><\/i> Formatos Gesti\u00f3n de Laboratorios<\/a><\/h3><div class=\"sp-collapse spcollapse \" id=\"collapse8253\" data-parent=\"#sp-ea-825\" role=\"region\" aria-labelledby=\"ea-header-8253\"> <div class=\"ea-body\"><ul><li><a href=\"https:\/\/genetica.unal.edu.co\/wp-content\/uploads\/2025\/07\/B.IG_.IN_.10.004.001-Instructivo-para-Lavado-de-Material-en-los-Laboratorios-y-Areas-de-Apoyo_V-0.0.pdf\" target=\"_blank\" rel=\"noopener\">B.IG.IN.10.004.001 Instructivo para Lavado de Material en los Laboratorios y \u00c1reas de Apoyo_V 0.0<\/a><\/li><li><a href=\"https:\/\/genetica.unal.edu.co\/wp-content\/uploads\/2025\/07\/B.IG_.FT_.10.004.002_Formato_Consentimiento-Asentimiento-Disentimiento-Informado-para-Procedimientos-en-Salud_V-1.0.pdf\" target=\"_blank\" rel=\"noopener\">B.IG.FT.10.004.002_Formato_Consentimiento Asentimiento Disentimiento Informado para Procedimientos en Salud_V 1.0<\/a><\/li><li><a href=\"https:\/\/genetica.unal.edu.co\/wp-content\/uploads\/2025\/07\/B.IG_.FT_.10.004.003_Formato-Registro-de-Mantenimiento-en-Sistema-Electrico-para-Equipos-de-Laboratorio-Anexo-V_0.0.pdf\" target=\"_blank\" rel=\"noopener\">B.IG.FT.10.004.003_Formato Registro de Mantenimiento en Sistema El\u00e9ctrico para Equipos de Laboratorio Anexo V_0.0<\/a><\/li><li><a href=\"https:\/\/genetica.unal.edu.co\/wp-content\/uploads\/2025\/07\/B.IG_.FT_.10.004.004_Formato-Control-de-Temperaturas-en-Equipos-de-Refrigeracion-V_2.0-1.pdf\" target=\"_blank\" rel=\"noopener\">B.IG.FT.10.004.004_Formato Control de Temperaturas en Equipos de Refrigeraci\u00f3n V_2.0<\/a><\/li><li><a href=\"https:\/\/genetica.unal.edu.co\/wp-content\/uploads\/2025\/07\/B.IG_.FT_.10.004.006_Formato-Control-de-Temperaturas-en-Incubadoras-y-Hornos-V_2.0.pdf\" target=\"_blank\" rel=\"noopener\">B.IG.FT.10.004.006_Formato Control de Temperaturas en Incubadoras y Hornos V_2.0<\/a><\/li><li><a href=\"https:\/\/genetica.unal.edu.co\/wp-content\/uploads\/2025\/07\/B.IG_.FT_.10.004.007_Formato-Informe-Resultado_V-0.0.pdf\" target=\"_blank\" rel=\"noopener\">B.IG.FT.10.004.007_Formato Informe Resultado_V 0.0<\/a><\/li><li><a href=\"https:\/\/genetica.unal.edu.co\/wp-content\/uploads\/2025\/07\/B.IG_.FT_.10.004.009_Formato-Entrega-de-Muestras-de-Analisis-de-Fragmentos-Microsatelites-AFLPs-SNPs-SSigMol-V_0.0.pdf\" target=\"_blank\" rel=\"noopener\">B.IG.FT.10.004.009_Formato Entrega de Muestras de An\u00e1lisis de Fragmentos Microsat\u00e9lites, AFLPs, SNPs SSigMol V_0.0<\/a><\/li><li><a href=\"https:\/\/genetica.unal.edu.co\/wp-content\/uploads\/2025\/07\/B.IG_.FT_.10.004.010_Formato-de-Entrega-de-Muestras-Secuencias-SSIGMol-V_0.0.pdf\" target=\"_blank\" rel=\"noopener\">B.IG.FT.10.004.010_Formato de Entrega de Muestras Secuencias SSIGMol V_0.0<\/a><\/li><li><a href=\"https:\/\/genetica.unal.edu.co\/wp-content\/uploads\/2025\/07\/B.IG_.FT_.10.004.011_Formato-Registro-de-Pacientes-para-Recepcion-de-Muestras-Menores-V_0.0.pdf\" target=\"_blank\" rel=\"noopener\">B.IG.FT.10.004.011_Formato Registro de Pacientes para Recepci\u00f3n de Muestras Menores V_0.0<\/a><\/li><li><a href=\"https:\/\/genetica.unal.edu.co\/wp-content\/uploads\/2025\/07\/B.IG_.FT_.10.004.012_Formato-Registro-de-Pacientes-para-Recepcion-de-Muestras-de-Adultos-V_0.0.pdf\" target=\"_blank\" rel=\"noopener\">B.IG.FT.10.004.012_Formato Registro de Pacientes para Recepci\u00f3n de Muestras de Adultos V_0.0<\/a><\/li><li><a href=\"https:\/\/genetica.unal.edu.co\/wp-content\/uploads\/2025\/07\/B.IG_.FT_.10.004.013_Formato-Registro-de-Pacientes-para-Recepcion-de-Muestras-para-Cariotipo-de-Parejas-V_0.0.pdf\" target=\"_blank\" rel=\"noopener\">B.IG.FT.10.004.013_Formato Registro de Pacientes para Recepci\u00f3n de Muestras para Cariotipo de Parejas V_0.0<\/a><\/li><li><a href=\"https:\/\/genetica.unal.edu.co\/wp-content\/uploads\/2025\/07\/B.IG_.FT_.10.004.014_Formato-Registro-de-Pacientes-para-Recepcion-de-Muestras-Externas-para-Cariotipo-V_0.0.pdf\" target=\"_blank\" rel=\"noopener\">B.IG.FT.10.004.014_Formato Registro de Pacientes para Recepci\u00f3n de Muestras Externas para Cariotipo V_0.0<\/a><\/li><li><a href=\"https:\/\/genetica.unal.edu.co\/wp-content\/uploads\/2025\/07\/B.IG_.FT_.10.004.015_Formato-de-Registro-de-Muestras-No-Aceptadas-V_0.0.pdf\" target=\"_blank\" rel=\"noopener\">B.IG.FT.10.004.015_Formato de Registro de Muestras No Aceptadas V_0.0<\/a><\/li><li><a href=\"https:\/\/genetica.unal.edu.co\/wp-content\/uploads\/2025\/07\/B.IG_.FT_.10.004.016_Formato-de-Registro-de-Elementos-Biomedicos-Consumidos-V_0.0.pdf\" target=\"_blank\" rel=\"noopener\">B.IG.FT.10.004.016_Formato de Registro de Elementos Biom\u00e9dicos Consumidos V_0.0<\/a><\/li><li><a href=\"https:\/\/genetica.unal.edu.co\/wp-content\/uploads\/2025\/07\/B.IG_.FT_.10.004.017_Formato-Control-de-Entrega-de-Insumos-para-Uso-en-Laboratorios-y-Anexos_-V-0.0.pdf\" target=\"_blank\" rel=\"noopener\">B.IG.FT.10.004.017_Formato Control de Entrega de Insumos para Uso en Laboratorios y Anexos_ V 0.0<\/a><\/li><li><a href=\"https:\/\/genetica.unal.edu.co\/wp-content\/uploads\/2025\/07\/B.IG_.FT_.10.004.018_Formato-Control-de-Entrega-de-Bolsas-para-Residuos-Peligrosos_-V-0.0.pdf\" target=\"_blank\" rel=\"noopener\">B.IG.FT.10.004.018_Formato Control de Entrega de Bolsas para Residuos Peligrosos_ V 0.0<\/a><\/li><li><a href=\"https:\/\/genetica.unal.edu.co\/wp-content\/uploads\/2025\/07\/B.IG_.FT_.10.004.019_Formato-Residuos-de-Riesgo-Biologicos-que-Requieren-Refrigeracion-V_0.0.pdf\" target=\"_blank\" rel=\"noopener\">B.IG.FT.10.004.019_Formato Residuos de Riesgo Biol\u00f3gicos que Requieren Refrigeraci\u00f3n V_0.0<\/a><\/li><li><a href=\"https:\/\/genetica.unal.edu.co\/wp-content\/uploads\/2025\/07\/B.IG_.FT_.10.004.020_Formato-Compromiso-de-Confidencialidad-y-Buen-uso-de-Tecnologia-y-Seguridad-de-la-Informacion_V-0.0.pdf\" target=\"_blank\" rel=\"noopener\">B.IG.FT.10.004.020_Formato Compromiso de Confidencialidad y Buen uso de Tecnolog\u00eda y Seguridad de la Informaci\u00f3n_V 0.0<\/a><\/li><li><a href=\"https:\/\/genetica.unal.edu.co\/wp-content\/uploads\/2025\/07\/B.IG_.FT_.10.004.021_Formato-Inspeccion-a-la-Infraestructura-e-Instalaciones-en-Consultorios_V-0.0.pdf\" target=\"_blank\" rel=\"noopener\">B.IG.FT.10.004.021_Formato Inspecci\u00f3n a la Infraestructura e Instalaciones en Consultorios_V 0.0<\/a><\/li><li><a href=\"https:\/\/genetica.unal.edu.co\/wp-content\/uploads\/2025\/07\/B.IG_.FT_.10.004.023_Formato_Control-de-Uso-de-Equipos-V_0.0.pdf\" target=\"_blank\" rel=\"noopener\">B.IG.FT.10.004.023_Formato_Control de Uso de Equipos V_0.0<\/a><\/li><li><a href=\"https:\/\/genetica.unal.edu.co\/wp-content\/uploads\/2025\/07\/B.IG_.FT_.10.004.024-Formato-Ingreso-de-Cultivo-a-Incubadora_V-3.0.pdf\" target=\"_blank\" rel=\"noopener\">B.IG.FT.10.004.024 Formato Ingreso de Cultivo a Incubadora_V 3.0<\/a><\/li><li><a href=\"https:\/\/genetica.unal.edu.co\/wp-content\/uploads\/2025\/07\/B.IG_.FT_.10.004.036_Formato-Control-de-Ingreso-al-Laboratorio_-V-3.0.pdf\" target=\"_blank\" rel=\"noopener\">B.IG.FT.10.004.036_Formato Control de Ingreso al Laboratorio_ V 3.0<\/a><\/li><li><a href=\"https:\/\/genetica.unal.edu.co\/wp-content\/uploads\/2025\/07\/B.IG_.FT_.10.004.045_Formato-Control-y-Seguimiento-de-Material-para-Esterilizar_-V-2.0.pdf\" target=\"_blank\" rel=\"noopener\">B.IG.FT.10.004.045_Formato Control y Seguimiento de Material para Esterilizar_ V 2.0<\/a><\/li><li><a href=\"https:\/\/genetica.unal.edu.co\/wp-content\/uploads\/2025\/07\/B.IG_.FT_.10.004.051_Formato_Recepcion-de-Muestras-SSigMol_-V-0.0.pdf\" target=\"_blank\" rel=\"noopener\">B.IG.FT.10.004.051_Formato_Recepci\u00f3n de Muestras SSigMol_ V 0.0<\/a><\/li><\/ul><\/div><\/div><\/div><div class=\"ea-card sp-ea-single\"><h3 class=\"ea-header\"><a class=\"collapsed\" id=\"ea-header-8254\" role=\"button\" data-sptoggle=\"spcollapse\" data-sptarget=\"#collapse8254\" aria-controls=\"collapse8254\" href=\"#\" aria-expanded=\"false\" tabindex=\"0\"><i aria-hidden=\"true\" role=\"presentation\" class=\"ea-expand-icon eap-icon-ea-expand-plus\"><\/i> Control Gesti\u00f3n de Laboratorios<\/a><\/h3><div class=\"sp-collapse spcollapse \" id=\"collapse8254\" data-parent=\"#sp-ea-825\" role=\"region\" aria-labelledby=\"ea-header-8254\"> <div class=\"ea-body\"><ul><li><a href=\"https:\/\/genetica.unal.edu.co\/wp-content\/uploads\/2025\/07\/B.FT_.10.004.001-Control-de-estado-mantenimiento-y-uso-de-la-ducha-de-emergencia-yo-lavaojos-V_0.0.pdf\" target=\"_blank\" rel=\"noopener\">B.FT.10.004.001 Control de estado, mantenimiento y uso de la ducha de emergencia y\/o lavaojos V_0.0<\/a><\/li><\/ul><\/div><\/div><\/div><div class=\"ea-card sp-ea-single\"><h3 class=\"ea-header\"><a class=\"collapsed\" id=\"ea-header-8255\" role=\"button\" data-sptoggle=\"spcollapse\" data-sptarget=\"#collapse8255\" aria-controls=\"collapse8255\" href=\"#\" aria-expanded=\"false\" tabindex=\"0\"><i aria-hidden=\"true\" role=\"presentation\" class=\"ea-expand-icon eap-icon-ea-expand-plus\"><\/i> Documentos de Condiciones de Uso y Prestaci\u00f3n de Servicios de los Laboratorios Bajo Entornos Seguros, de Calidad, Ambientalmente Responsables<\/a><\/h3><div class=\"sp-collapse spcollapse \" id=\"collapse8255\" data-parent=\"#sp-ea-825\" role=\"region\" aria-labelledby=\"ea-header-8255\"> <div class=\"ea-body\"><ul><li><a href=\"https:\/\/genetica.unal.edu.co\/wp-content\/uploads\/2025\/11\/1-y-2.-Laboratorio-547-IGUN_Acta-de-Comite-No-005-de-2025.pdf\" target=\"_blank\" rel=\"noopener\">1 y 2. Laboratorio 547 &#8211; IGUN_Acta de Comit\u00e9 No 005 de 2025<\/a><\/li><li><a href=\"https:\/\/genetica.unal.edu.co\/wp-content\/uploads\/2025\/11\/3.-Laboratorio-548-IGUN_Definitivo_Acta-de-Comite-No-005-de-2025.pdf\" target=\"_blank\" rel=\"noopener\">3. Laboratorio 548 &#8211; IGUN_Definitivo_Acta de Comit\u00e9 No 005 de 2025<\/a><\/li><li><a href=\"https:\/\/genetica.unal.edu.co\/wp-content\/uploads\/2025\/11\/4.-Laboratorio-549-IGUN_Definitivo_Acta-de-Comite-No-005-de-2025.pdf\" target=\"_blank\" rel=\"noopener\">4. Laboratorio 549 &#8211; IGUN_Definitivo_Acta de Comit\u00e9 No 005 de 2025<\/a><\/li><li><a href=\"https:\/\/genetica.unal.edu.co\/wp-content\/uploads\/2025\/11\/5.-Laboratorio-557-IGUN_Definitivo_Acta-de-Comite-No-005-de-2025.pdf\" target=\"_blank\" rel=\"noopener\">5. Laboratorio 557 &#8211; IGUN_Definitivo_Acta de Comit\u00e9 No 005 de 2025<\/a><\/li><li><a href=\"https:\/\/genetica.unal.edu.co\/wp-content\/uploads\/2025\/11\/6.-Laboratorio-550-IGUN_Definitivo_Acta-de-Comite-No-005-de-2025.pdf\" target=\"_blank\" rel=\"noopener\">6. Laboratorio 550 &#8211; IGUN_Definitivo_Acta de Comit\u00e9 No 005 de 2025<\/a><\/li><li><a href=\"https:\/\/genetica.unal.edu.co\/wp-content\/uploads\/2025\/11\/7.-Laboratorio-551-IGUN_Definitivo_Acta-de-Comite-No-005-de-2025.pdf\" target=\"_blank\" rel=\"noopener\">7. Laboratorio 551 &#8211; IGUN_Definitivo_Acta de Comit\u00e9 No 005 de 2025<\/a><\/li><li><a href=\"https:\/\/genetica.unal.edu.co\/wp-content\/uploads\/2025\/11\/8.-Laboratorio-552-IGUN_Definitivo_Acta-de-Comite-No-005-de-2025.pdf\" target=\"_blank\" rel=\"noopener\">8. Laboratorio 552 &#8211; IGUN_Definitivo_Acta de Comit\u00e9 No 005 de 2025<\/a><\/li><li><a href=\"https:\/\/genetica.unal.edu.co\/wp-content\/uploads\/2025\/11\/9.-Laboratorio-718-IGUN_Definitivo_Acta-de-Comite-No-005-de-2025.pdf\" target=\"_blank\" rel=\"noopener\">9. Laboratorio 718 &#8211; IGUN_Definitivo_Acta de Comit\u00e9 No 005 de 2025<\/a><\/li><li><a href=\"https:\/\/genetica.unal.edu.co\/wp-content\/uploads\/2025\/11\/10.-Area-de-Apoyo-554-IGUN_Definitivo_Acta-de-Comite-No-005-de-2025.pdf\" target=\"_blank\" rel=\"noopener\">10. \u00c1rea de Apoyo 554 &#8211; IGUN_Definitivo_Acta de Comit\u00e9 No 005 de 2025<\/a><\/li><li><a href=\"https:\/\/genetica.unal.edu.co\/wp-content\/uploads\/2025\/11\/11.-Area-de-Apoyo-556-IGUN_Definitivo_Acta-de-Comite-No-005-de-2025.pdf\" target=\"_blank\" rel=\"noopener\">11. \u00c1rea de Apoyo 556 &#8211; IGUN_Definitivo_Acta de Comit\u00e9 No 005 de 2025<\/a><\/li><li><a href=\"https:\/\/genetica.unal.edu.co\/wp-content\/uploads\/2025\/11\/12.-Area-de-Apoyo-555-IGUN_Definitivo_Acta-de-Comite-No-005-de-2025.pdf\" target=\"_blank\" rel=\"noopener\">12. \u00c1rea de Apoyo 555 &#8211; IGUN_Definitivo_Acta de Comit\u00e9 No 005 de 2025<\/a><\/li><li><a href=\"https:\/\/genetica.unal.edu.co\/wp-content\/uploads\/2025\/11\/13.-Consultorios-553-IGUN_Definitivo_Acta-de-Comite-No-005-de-2025.pdf\" target=\"_blank\" rel=\"noopener\">13. Consultorios 553 &#8211; IGUN_Definitivo_Acta de Comit\u00e9 No 005 de 2025<\/a><\/li><\/ul><\/div><\/div><\/div><\/div><\/div><\/div>","protected":false},"excerpt":{"rendered":"","protected":false},"author":1,"featured_media":0,"parent":0,"menu_order":0,"comment_status":"closed","ping_status":"closed","template":"","meta":{"footnotes":""},"class_list":["post-716","page","type-page","status-publish","hentry"],"_links":{"self":[{"href":"https:\/\/genetica.unal.edu.co\/index.php?rest_route=\/wp\/v2\/pages\/716","targetHints":{"allow":["GET"]}}],"collection":[{"href":"https:\/\/genetica.unal.edu.co\/index.php?rest_route=\/wp\/v2\/pages"}],"about":[{"href":"https:\/\/genetica.unal.edu.co\/index.php?rest_route=\/wp\/v2\/types\/page"}],"author":[{"embeddable":true,"href":"https:\/\/genetica.unal.edu.co\/index.php?rest_route=\/wp\/v2\/users\/1"}],"replies":[{"embeddable":true,"href":"https:\/\/genetica.unal.edu.co\/index.php?rest_route=%2Fwp%2Fv2%2Fcomments&post=716"}],"version-history":[{"count":2,"href":"https:\/\/genetica.unal.edu.co\/index.php?rest_route=\/wp\/v2\/pages\/716\/revisions"}],"predecessor-version":[{"id":837,"href":"https:\/\/genetica.unal.edu.co\/index.php?rest_route=\/wp\/v2\/pages\/716\/revisions\/837"}],"wp:attachment":[{"href":"https:\/\/genetica.unal.edu.co\/index.php?rest_route=%2Fwp%2Fv2%2Fmedia&parent=716"}],"curies":[{"name":"wp","href":"https:\/\/api.w.org\/{rel}","templated":true}]}}