{"id":462,"date":"2024-11-05T15:45:47","date_gmt":"2024-11-05T20:45:47","guid":{"rendered":"https:\/\/genetica.unal.edu.co\/?page_id=462"},"modified":"2025-11-24T09:29:04","modified_gmt":"2025-11-24T14:29:04","slug":"contacto","status":"publish","type":"page","link":"https:\/\/genetica.unal.edu.co\/?page_id=462","title":{"rendered":"Cont\u00e1ctenos!"},"content":{"rendered":"\n<h2 class=\"wp-block-heading has-text-align-left\">Nuestra ubicaci\u00f3n<\/h2>\n\n\n\n<p class=\"has-text-align-left\">Universidad Nacional de Colombia- Sede Bogot\u00e1 edificio N. 426<br>Calle 53 #37a-47<\/p>\n\n\n\n<h3 class=\"wp-block-heading has-text-align-left\"><strong>Correo electr\u00f3nico<\/strong><\/h3>\n\n\n\n<ul class=\"wp-block-list\">\n<li>recepcigun_bog@unal.edu.co<\/li>\n<\/ul>\n\n\n\n<ul class=\"wp-block-list\">\n<li>bioinfoigen_bog@unal.edu.co<\/li>\n<\/ul>\n\n\n\n<ul class=\"wp-block-list\">\n<li>insgen_bog@unal.edu.co<\/li>\n<\/ul>\n\n\n\n<h3 class=\"wp-block-heading has-text-align-left\"><strong>Tel\u00e9fonos de contacto<\/strong><\/h3>\n\n\n\n<p>+57 601 3165485<\/p>\n\n\n\n<p>Conmutador: +57 601 3165000 Ext: 11610-11630 -11608<\/p>\n\n\n\n<h2 class=\"wp-block-heading has-text-align-center\">Como Llegar?<\/h2>\n\n\n\n<p><\/p>\n\n\n<iframe\n  src=\"https:\/\/www.google.com\/maps?q=Calle+53+%2337a-47+Edificio+426+Bogota&#038;output=embed\"\n  width=\"100%\"\n  height=\"450\"\n  style=\"border:0;\"\n  allowfullscreen=\"\"\n  loading=\"lazy\"\n  referrerpolicy=\"no-referrer-when-downgrade\"\n  title=\"C\u00f3mo llegar al Instituto de Gen\u00e9tica - Universidad Nacional de Colombia, Sede Bogot\u00e1\">\n<\/iframe>\n\n<!-- Enlace debajo del mapa (\u00fatil para accesibilidad y para abrir en ventana nueva) -->\n<p>\n  <a href=\"https:\/\/www.google.com\/maps\/search\/?api=1&#038;query=Calle+53+%2337a-47+Edificio+426+Bogota\" target=\"_blank\" rel=\"noopener\">\n    Abrir mapa en Google Maps (ver indicaciones)\n  <\/a>\n<\/p>","protected":false},"excerpt":{"rendered":"<p>Nuestra ubicaci\u00f3n Universidad Nacional de Colombia- Sede Bogot\u00e1 edificio N. 426Calle 53 #37a-47 Correo electr\u00f3nico Tel\u00e9fonos de contacto +57 601 3165485 Conmutador: +57 601 3165000 Ext: 11610-11630 -11608 Como Llegar? Abrir mapa en Google Maps (ver indicaciones)<\/p>\n","protected":false},"author":1,"featured_media":0,"parent":0,"menu_order":0,"comment_status":"closed","ping_status":"closed","template":"","meta":{"footnotes":""},"class_list":["post-462","page","type-page","status-publish","hentry"],"_links":{"self":[{"href":"https:\/\/genetica.unal.edu.co\/index.php?rest_route=\/wp\/v2\/pages\/462","targetHints":{"allow":["GET"]}}],"collection":[{"href":"https:\/\/genetica.unal.edu.co\/index.php?rest_route=\/wp\/v2\/pages"}],"about":[{"href":"https:\/\/genetica.unal.edu.co\/index.php?rest_route=\/wp\/v2\/types\/page"}],"author":[{"embeddable":true,"href":"https:\/\/genetica.unal.edu.co\/index.php?rest_route=\/wp\/v2\/users\/1"}],"replies":[{"embeddable":true,"href":"https:\/\/genetica.unal.edu.co\/index.php?rest_route=%2Fwp%2Fv2%2Fcomments&post=462"}],"version-history":[{"count":11,"href":"https:\/\/genetica.unal.edu.co\/index.php?rest_route=\/wp\/v2\/pages\/462\/revisions"}],"predecessor-version":[{"id":1061,"href":"https:\/\/genetica.unal.edu.co\/index.php?rest_route=\/wp\/v2\/pages\/462\/revisions\/1061"}],"wp:attachment":[{"href":"https:\/\/genetica.unal.edu.co\/index.php?rest_route=%2Fwp%2Fv2%2Fmedia&parent=462"}],"curies":[{"name":"wp","href":"https:\/\/api.w.org\/{rel}","templated":true}]}}